{"id":7,"date":"2022-01-30T22:03:21","date_gmt":"2022-01-31T04:03:21","guid":{"rendered":"http:\/\/lomejor.callatepodcast.com\/?page_id=7"},"modified":"2022-04-20T14:44:06","modified_gmt":"2022-04-20T20:44:06","slug":"acerca-de","status":"publish","type":"page","link":"http:\/\/lomejor.callatepodcast.com\/index.php\/acerca-de\/","title":{"rendered":"Acerca de"},"content":{"rendered":"\n<p>C\u00e1llate! es un podcast producido en Guanajuato, M\u00e9xico.<\/p>\n\n\n\n<p>Iniciado originalmente en el 2008 por Rafa, Manolo y Tonatiuh, este sitio recopila los mejores momentos de C\u00e1llate! a trav\u00e9s de sus muchos, muchos a\u00f1os de existencia.<\/p>\n\n\n\n<p>Los episodios originales se encuentran en <a href=\"http:\/\/www.callatepodcast.com\" target=\"_blank\" rel=\"noreferrer noopener\">callatepodcast.com<\/a>.<\/p>\n","protected":false},"excerpt":{"rendered":"<p>C\u00e1llate! es un podcast producido en Guanajuato, M\u00e9xico. Iniciado originalmente en el 2008 por Rafa, Manolo y Tonatiuh, este sitio recopila los mejores momentos de C\u00e1llate! a trav\u00e9s de sus muchos, muchos a\u00f1os de existencia. Los episodios originales se encuentran en callatepodcast.com.<\/p>\n","protected":false},"author":1,"featured_media":0,"parent":0,"menu_order":0,"comment_status":"closed","ping_status":"closed","template":"","meta":[],"blocksy_meta":{"styles_descriptor":{"styles":{"desktop":"","tablet":"","mobile":""},"google_fonts":[],"version":4}},"_links":{"self":[{"href":"http:\/\/lomejor.callatepodcast.com\/index.php\/wp-json\/wp\/v2\/pages\/7"}],"collection":[{"href":"http:\/\/lomejor.callatepodcast.com\/index.php\/wp-json\/wp\/v2\/pages"}],"about":[{"href":"http:\/\/lomejor.callatepodcast.com\/index.php\/wp-json\/wp\/v2\/types\/page"}],"author":[{"embeddable":true,"href":"http:\/\/lomejor.callatepodcast.com\/index.php\/wp-json\/wp\/v2\/users\/1"}],"replies":[{"embeddable":true,"href":"http:\/\/lomejor.callatepodcast.com\/index.php\/wp-json\/wp\/v2\/comments?post=7"}],"version-history":[{"count":2,"href":"http:\/\/lomejor.callatepodcast.com\/index.php\/wp-json\/wp\/v2\/pages\/7\/revisions"}],"predecessor-version":[{"id":164,"href":"http:\/\/lomejor.callatepodcast.com\/index.php\/wp-json\/wp\/v2\/pages\/7\/revisions\/164"}],"wp:attachment":[{"href":"http:\/\/lomejor.callatepodcast.com\/index.php\/wp-json\/wp\/v2\/media?parent=7"}],"curies":[{"name":"wp","href":"https:\/\/api.w.org\/{rel}","templated":true}]}}