{"id":6,"date":"2022-01-30T22:03:21","date_gmt":"2022-01-31T04:03:21","guid":{"rendered":"http:\/\/lomejor.callatepodcast.com\/?page_id=6"},"modified":"2022-02-06T01:35:29","modified_gmt":"2022-02-06T07:35:29","slug":"crea-tu-web-con-bloques","status":"publish","type":"page","link":"http:\/\/lomejor.callatepodcast.com\/index.php\/crea-tu-web-con-bloques\/","title":{"rendered":"Lo Mejor de C\u00e1llate! Podcast"},"content":{"rendered":"\n<h3>C\u00e1llate! es un podcast de comedia producido en Guanajuato, M\u00e9xico desde 2009.<\/h3>\n\n\n\n<h4><strong>Con m\u00e1s de 300 episodios publicados, <\/strong>Lo Mejor de C\u00e1llate! Podcast<strong> recopila los mejores momentos del programa en episodios cortos llenos de diversi\u00f3n y nostalgia para los verdaderos fans del podcast<\/strong>.<\/h4>\n\n\n\n<div class=\"wp-block-group\"><div class=\"wp-block-group__inner-container\">\n<div class=\"wp-block-columns\">\n<div class=\"wp-block-column\"><ul class=\"wp-block-latest-posts__list wp-block-latest-posts\"><li><a href=\"http:\/\/lomejor.callatepodcast.com\/index.php\/2026\/03\/12\/la-mochila-migrante\/\">La Mochila Migrante<\/a><\/li>\n<li><a href=\"http:\/\/lomejor.callatepodcast.com\/index.php\/2026\/03\/12\/maestra-histerica\/\">Maestra Hist\u00e9rica<\/a><\/li>\n<li><a href=\"http:\/\/lomejor.callatepodcast.com\/index.php\/2026\/03\/12\/depresion\/\">Depresi\u00f3n<\/a><\/li>\n<li><a href=\"http:\/\/lomejor.callatepodcast.com\/index.php\/2025\/10\/04\/don-quijote-pal-populacho\/\">Don Quijote Pa&#8217;l Populacho<\/a><\/li>\n<li><a href=\"http:\/\/lomejor.callatepodcast.com\/index.php\/2025\/10\/04\/erupcion-volcanica\/\">Erupci\u00f3n Volc\u00e1nica<\/a><\/li>\n<\/ul><\/div>\n<\/div>\n<\/div><\/div>\n\n\n\n<div class=\"wp-block-columns alignwide are-vertically-aligned-top\">\n<div class=\"wp-block-column is-vertically-aligned-top\">\n<h3>Canal Principal<\/h3>\n\n\n\n<p>\u00bfQuieres escuchar los episodios completos?<br>Visita nuestro sitio principal en <a href=\"http:\/\/callatepodcast.com\" target=\"_blank\" rel=\"noreferrer noopener\" title=\"callatepodcast.com\">callatepodcast.com<\/a><br>o busca C\u00e1llate! Podcast en iTunes, Spotify y otras apps de streaming.<\/p>\n<\/div>\n\n\n\n<div class=\"wp-block-column is-vertically-aligned-top\">\n<h3>M\u00e1s Nostalgia<\/h3>\n\n\n\n<p>Visita nuestro primer blog <a href=\"http:\/\/callatepodcast.blogspot.com\">aqu\u00ed<\/a>. <br>Episodios y rarezas en nuestro <a href=\"http:\/\/www.youtube.com\/user\/callatepodcast\" target=\"_blank\" rel=\"noreferrer noopener\">canal de youtube<\/a>.<br>Alguna vez tuvimos una <a href=\"https:\/\/www.facebook.com\/groups\/CallateFans\/members\" target=\"_blank\" rel=\"noreferrer noopener\">p\u00e1gina de fans<\/a>.<\/p>\n<\/div>\n\n\n\n<div class=\"wp-block-column is-vertically-aligned-top\">\n<h3>Otros Proyectos<\/h3>\n\n\n\n<p>\u21d2 <a href=\"http:\/\/www.poderato.com\/lamalditasea\/la-maldita-sea\" target=\"_blank\" rel=\"noreferrer noopener\">La Maldita Sea<\/a><br>\u21d2 <a href=\"http:\/\/www.youtube.com\/datnois\" target=\"_blank\" rel=\"noreferrer noopener\">Datnois<\/a><br>\u21d2 <a href=\"https:\/\/archive.org\/search.php?query=miaucast\" target=\"_blank\" rel=\"noreferrer noopener\">Miaucast<\/a><br>&#8230; ???<\/p>\n<\/div>\n<\/div>\n\n\n\n<div style=\"height:100px\" aria-hidden=\"true\" class=\"wp-block-spacer\"><\/div>\n","protected":false},"excerpt":{"rendered":"<p>C\u00e1llate! es un podcast de comedia producido en Guanajuato, M\u00e9xico desde 2009. Con m\u00e1s de 300 episodios publicados, Lo Mejor de C\u00e1llate! Podcast recopila los mejores momentos del programa en episodios cortos llenos de diversi\u00f3n y nostalgia para los verdaderos fans del podcast. Canal Principal \u00bfQuieres escuchar los episodios completos?Visita nuestro sitio principal en callatepodcast.como busca C\u00e1llate! Podcast en iTunes, Spotify y otras apps de streaming. M\u00e1s Nostalgia Visita nuestro primer blog aqu\u00ed. Episodios y rarezas en nuestro canal de youtube.Alguna vez tuvimos una p\u00e1gina de fans. Otros Proyectos \u21d2 La Maldita Sea\u21d2 Datnois\u21d2 Miaucast&#8230; ???<\/p>\n","protected":false},"author":1,"featured_media":0,"parent":0,"menu_order":0,"comment_status":"closed","ping_status":"closed","template":"","meta":[],"blocksy_meta":{"styles_descriptor":{"styles":{"desktop":"","tablet":"","mobile":""},"google_fonts":[],"version":4}},"_links":{"self":[{"href":"http:\/\/lomejor.callatepodcast.com\/index.php\/wp-json\/wp\/v2\/pages\/6"}],"collection":[{"href":"http:\/\/lomejor.callatepodcast.com\/index.php\/wp-json\/wp\/v2\/pages"}],"about":[{"href":"http:\/\/lomejor.callatepodcast.com\/index.php\/wp-json\/wp\/v2\/types\/page"}],"author":[{"embeddable":true,"href":"http:\/\/lomejor.callatepodcast.com\/index.php\/wp-json\/wp\/v2\/users\/1"}],"replies":[{"embeddable":true,"href":"http:\/\/lomejor.callatepodcast.com\/index.php\/wp-json\/wp\/v2\/comments?post=6"}],"version-history":[{"count":26,"href":"http:\/\/lomejor.callatepodcast.com\/index.php\/wp-json\/wp\/v2\/pages\/6\/revisions"}],"predecessor-version":[{"id":88,"href":"http:\/\/lomejor.callatepodcast.com\/index.php\/wp-json\/wp\/v2\/pages\/6\/revisions\/88"}],"wp:attachment":[{"href":"http:\/\/lomejor.callatepodcast.com\/index.php\/wp-json\/wp\/v2\/media?parent=6"}],"curies":[{"name":"wp","href":"https:\/\/api.w.org\/{rel}","templated":true}]}}